{"id":173,"date":"2025-05-18T11:57:43","date_gmt":"2025-05-18T11:57:43","guid":{"rendered":"https:\/\/seteilhas.com.br\/site\/?page_id=173"},"modified":"2026-01-15T19:14:18","modified_gmt":"2026-01-15T19:14:18","slug":"sobre-o-hotel","status":"publish","type":"page","link":"https:\/\/seteilhas.com.br\/site\/sobre-o-hotel\/","title":{"rendered":"Sobre o Hotel"},"content":{"rendered":"\t\t<div data-elementor-type=\"wp-page\" data-elementor-id=\"173\" class=\"elementor elementor-173\">\n\t\t\t\t<div class=\"elementor-element elementor-element-6e69b8dc e-flex e-con-boxed e-con e-parent\" data-id=\"6e69b8dc\" data-element_type=\"container\" data-e-type=\"container\">\n\t\t\t\t\t<div class=\"e-con-inner\">\n\t\t\t\t<div class=\"elementor-element elementor-element-ea6338 elementor-widget elementor-widget-text-editor\" data-id=\"ea6338\" data-element_type=\"widget\" data-e-type=\"widget\" data-widget_type=\"text-editor.default\">\n\t\t\t\t<div class=\"elementor-widget-container\">\n\t\t\t\t\t\t\t\t\t\n<div class=\"before-footer-shortcode\"><!-- V\u00eddeo em Tela Cheia SEM rolagem lateral -->\n<div class=\"video-wrapper\"><video poster=\"https:\/\/seteilhas.com.br\/site\/wp-content\/uploads\/2025\/05\/facahda-hotel-sete-ilhas-scaled.jpg\" autoplay=\"autoplay\" loop=\"loop\" muted=\"\" width=\"300\" height=\"150\">\n      <source src=\"https:\/\/seteilhas.com.br\/site\/wp-content\/uploads\/2025\/07\/Sobre-o-Hotel01.mp4\" type=\"video\/mp4\" \/>\n    <\/video><\/div>\n<!-- Conte\u00fado Principal -->\n<div class=\"main-content\"><!-- T\u00edtulo -->\n<div class=\"title-section\">\n<h1>Hotel Sete Ilhas<\/h1>\n<\/div>\n<!-- Descri\u00e7\u00e3o -->\n<div class=\"description\">\n<p>Localizado \u00e0 beira-mar com acesso direto \u00e0 bel\u00edssima praia de Jurer\u00ea em Florian\u00f3polis\/SC, o Hotel Sete Ilhas oferece o verdadeiro significado de descanso com os p\u00e9s na areia. Com atendimento acolhedor e personalizado, proporcionamos uma experi\u00eancia memor\u00e1vel onde cada h\u00f3spede \u00e9 tratado como parte da nossa casa. O ambiente \u00e9 tranquilo, seguro e perfeito tanto para fam\u00edlias quanto para casais que buscam momentos inesquec\u00edveis \u00e0 beira do mar.<\/p>\n<\/div>\n<!-- Diferenciais -->\n<div class=\"features-grid\">\n<div class=\"card\">\n<h3>Acomoda\u00e7\u00f5es Diversificadas<\/h3>\n<p>18 su\u00edtes para at\u00e9 3 adultos e 1 crian\u00e7a, 2 Su\u00edtes Studio modernas para 2 pessoas e 3 unidades tipo resid\u00eancia para at\u00e9 8 pessoas.<\/p>\n<\/div>\n<div class=\"card\">\n<h3>Conectividade<\/h3>\n<p>Wi-Fi r\u00e1pido, Smart TV e TV a cabo em todas as unidades. Conforto e entretenimento garantidos durante toda a sua estadia!<\/p>\n<\/div>\n<div class=\"card\">\n<h3>Gastronomia Internacional<\/h3>\n<p>Nosso restaurante oferece uma experi\u00eancia culin\u00e1ria \u00fanica com pratos internacionais e regionais, preparados com ingredientes frescos e selecionados.<\/p>\n<\/div>\n<div class=\"card\">\n<h3>Servi\u00e7os Complementares<\/h3>\n<p>Restaurante e bar da praia, caf\u00e9 da manh\u00e3 incluso, piscina aquecida, mesas de sinuca e pebolim, orienta\u00e7\u00e3o tur\u00edstica, estacionamento e Wi-Fi gratuitos.<\/p>\n<\/div>\n<div class=\"card\">\n<h3>Acesso Direto \u00e0 Praia<\/h3>\n<p>Sem ruas, cal\u00e7adas ou obst\u00e1culos entre voc\u00ea e a praia. \u00c9 acordar com o som das ondas, sair do quarto e sentir a brisa do mar. Um leg\u00edtimo p\u00e9 na areia.<\/p>\n<\/div>\n<div class=\"card\">\n<h3>Caf\u00e9 da Manh\u00e3<\/h3>\n<p>Comece seu dia com um caf\u00e9 da manh\u00e3 de excel\u00eancia \u00e0 beira-mar, onde tudo \u00e9 cuidadosamente escolhido e preparado para garantir sabor e qualidade. A vista exuberante para o mar torna este momento ainda mais especial.<\/p>\n<\/div>\n<\/div>\n<!-- Galeria -->\n<div class=\"gallery-grid\"><img decoding=\"async\" src=\"https:\/\/seteilhas.com.br\/site\/wp-content\/uploads\/2025\/08\/1-5-scaled.jpg\" alt=\"Imagem 1\" \/> <img decoding=\"async\" src=\"https:\/\/seteilhas.com.br\/site\/wp-content\/uploads\/2025\/08\/2-3-scaled.jpg\" alt=\"Imagem 2\" \/> <img decoding=\"async\" src=\"https:\/\/seteilhas.com.br\/site\/wp-content\/uploads\/2025\/08\/3-4-scaled.jpg\" alt=\"Imagem 3\" \/> <img decoding=\"async\" src=\"https:\/\/seteilhas.com.br\/site\/wp-content\/uploads\/2025\/08\/4-6-scaled.jpg\" alt=\"Imagem 4\" \/> <img decoding=\"async\" src=\"https:\/\/seteilhas.com.br\/site\/wp-content\/uploads\/2025\/08\/5-5-scaled.jpg\" alt=\"Imagem 5\" \/> <img decoding=\"async\" src=\"https:\/\/seteilhas.com.br\/site\/wp-content\/uploads\/2025\/08\/6-5.jpg\" alt=\"Imagem 6\" \/><\/div>\n<\/div>\n<!-- Bot\u00f5es -->\n<div class=\"wp-block-buttons aligncenter\">\n<div class=\"wp-block-button\"><a class=\"wp-block-button__link has-background\" style=\"background-color: #00726c; border-radius: 30px;\" href=\"https:\/\/seteilhas.com.br\/site\/reservas\/\">RESERVAR AGORA<\/a><\/div>\n\u00a0\u00a0\u00a0\u00a0\u00a0\u00a0\u00a0\u00a0\u00a0\n<div class=\"wp-block-button\"><a class=\"wp-block-button__link has-background\" style=\"background-color: #00726c; border-radius: 30px;\" href=\"https:\/\/wa.me\/554833646347?text=Gostaria%20de%20mais%20informa%C3%A7%C3%B5es%20e%20falar%20com%20uma%20atendente!\" target=\"_blank\" rel=\"noopener\">FALAR COM ATENDENTE<\/a><\/div>\n<\/div>\n<\/div>\n<!-- Estilos -->\n<p><style>\n  html, body {\n    margin: 0;\n    padding: 0;\n    box-sizing: border-box;\n    overflow-x: hidden;\n  }\n\n  *, *::before, *::after {\n    box-sizing: inherit;\n  }\n\n  .before-footer-shortcode {\n    max-width: 1200px;\n    margin: 0 auto;\n    padding: 2rem 1rem;\n    background-color: #ffffff;\n    overflow-x: hidden;\n  }\n\n  .video-wrapper {\n    width: 100%;\n    margin-top: -30px;\n    background-color: #ffffff;\n  }\n\n  .video-wrapper video {\n    width: 100%;\n    max-width: 300%;\n    display: block;\n    border: none;\n    outline: none;\n    min-height: 500px;\n    object-fit: cover;\n  }\n\n  .main-content {\n    position: relative;\n    z-index: 2;\n    background-color: #ffffff;\n  }\n\n  .title-section {\n    text-align: center;\n    margin: 2rem 0 1rem;\n  }\n\n  .description {\n    text-align: center;\n    margin-bottom: 3rem;\n    max-width: 800px;\n    margin-left: auto;\n    margin-right: auto;\n    padding: 0 1rem;\n  }\n\n  .features-grid {\n    display: grid;\n    grid-template-columns: repeat(3, 1fr);\n    gap: 1.5rem;\n    margin-bottom: 3rem;\n  }\n\n  .card {\n    background: #f8f8f8;\n    padding: 1.5rem;\n    border-radius: 12px;\n    text-align: center;\n    box-shadow: 0 2px 5px rgba(0, 0, 0, 0.05);\n    transition: all 0.3s ease;\n    display: flex;\n    flex-direction: column;\n  }\n\n  .gallery-grid {\n    display: grid;\n    grid-template-columns: repeat(auto-fit, minmax(280px, 1fr));\n    gap: 1rem;\n    margin-bottom: 2rem;\n  }\n\n  .gallery-grid img {\n    width: 100%;\n    height: 220px;\n    object-fit: cover;\n    border-radius: 8px;\n    transition: transform 0.3s ease;\n    display: block;\n  }\n\n  .gallery-grid img:hover {\n    transform: scale(1.02);\n  }\n\n  .buttons-row {\n    display: flex;\n    flex-wrap: wrap;\n    gap: 1rem;\n    justify-content: center;\n  }\n\n  .wp-block-button__link {\n    background: #00726c;\n    color: white;\n    padding: 0.9rem 1.8rem;\n    border-radius: 30px;\n    font-size: 1.1rem;\n    text-decoration: none;\n    transition: background 0.3s ease;\n    display: inline-block;\n  }\n\n  .wp-block-button__link:hover {\n    background: #004b47;\n  }\n\n  \/* Responsividade *\/\n  @media (max-width: 1024px) {\n    .features-grid {\n      grid-template-columns: 1fr;\n    }\n\n    .video-wrapper video {\n      min-height: 300px;\n    }\n  }\n<\/style><\/p>\n\n<p>\u00a0<\/p>\n\t\t\t\t\t\t\t\t<\/div>\n\t\t\t\t<\/div>\n\t\t\t\t\t<\/div>\n\t\t\t\t<\/div>\n\t\t\t\t<\/div>\n\t\t","protected":false},"excerpt":{"rendered":"<p>Hotel Sete Ilhas Localizado \u00e0 beira-mar com acesso direto \u00e0 bel\u00edssima praia de Jurer\u00ea em Florian\u00f3polis\/SC, o Hotel Sete Ilhas oferece o verdadeiro significado de descanso com os p\u00e9s na areia. Com atendimento acolhedor e personalizado, proporcionamos uma experi\u00eancia memor\u00e1vel onde cada h\u00f3spede \u00e9 tratado como parte da nossa casa. O ambiente \u00e9 tranquilo, seguro [&hellip;]<\/p>\n","protected":false},"author":1,"featured_media":0,"parent":0,"menu_order":0,"comment_status":"closed","ping_status":"closed","template":"templates\/template-page-full-width.php","meta":{"footnotes":""},"class_list":["post-173","page","type-page","status-publish","hentry"],"_links":{"self":[{"href":"https:\/\/seteilhas.com.br\/site\/wp-json\/wp\/v2\/pages\/173","targetHints":{"allow":["GET"]}}],"collection":[{"href":"https:\/\/seteilhas.com.br\/site\/wp-json\/wp\/v2\/pages"}],"about":[{"href":"https:\/\/seteilhas.com.br\/site\/wp-json\/wp\/v2\/types\/page"}],"author":[{"embeddable":true,"href":"https:\/\/seteilhas.com.br\/site\/wp-json\/wp\/v2\/users\/1"}],"replies":[{"embeddable":true,"href":"https:\/\/seteilhas.com.br\/site\/wp-json\/wp\/v2\/comments?post=173"}],"version-history":[{"count":82,"href":"https:\/\/seteilhas.com.br\/site\/wp-json\/wp\/v2\/pages\/173\/revisions"}],"predecessor-version":[{"id":2416,"href":"https:\/\/seteilhas.com.br\/site\/wp-json\/wp\/v2\/pages\/173\/revisions\/2416"}],"wp:attachment":[{"href":"https:\/\/seteilhas.com.br\/site\/wp-json\/wp\/v2\/media?parent=173"}],"curies":[{"name":"wp","href":"https:\/\/api.w.org\/{rel}","templated":true}]}}