{"id":290,"date":"2025-05-21T19:47:05","date_gmt":"2025-05-21T19:47:05","guid":{"rendered":"https:\/\/seteilhas.com.br\/site\/?page_id=290"},"modified":"2026-01-15T21:05:52","modified_gmt":"2026-01-15T21:05:52","slug":"suite-superior","status":"publish","type":"page","link":"https:\/\/seteilhas.com.br\/site\/suite-superior\/","title":{"rendered":"Su\u00edte Superior"},"content":{"rendered":"\t\t<div data-elementor-type=\"wp-page\" data-elementor-id=\"290\" class=\"elementor elementor-290\">\n\t\t\t\t<div class=\"elementor-element elementor-element-5902f097 e-flex e-con-boxed e-con e-parent\" data-id=\"5902f097\" data-element_type=\"container\" data-e-type=\"container\">\n\t\t\t\t\t<div class=\"e-con-inner\">\n\t\t\t\t<div class=\"elementor-element elementor-element-42515bb1 elementor-widget elementor-widget-text-editor\" data-id=\"42515bb1\" data-element_type=\"widget\" data-e-type=\"widget\" data-widget_type=\"text-editor.default\">\n\t\t\t\t<div class=\"elementor-widget-container\">\n\t\t\t\t\t\t\t\t\t\n<p><style>\n  \/* Prefixo para evitar conflito *\/\n  .suite-terrea-se7ilhas {\n    font-family: 'Montserrat', sans-serif;\n    color: #0;\n    line-height: 1.6;\n    max-width: 1300px;\n    margin: 0 auto;\n    padding: 2rem 1rem;\n  }\n  .suite-terrea-se7ilhas__header {\n    background: url('https:\/\/seteilhas.com.br\/site\/wp-content\/uploads\/2025\/07\/sete-Ilhas-01.png') no-repeat center center\/cover;\n    height: 450px;\n    display: flex;\n    align-items: center;\n    justify-content: center;\n    color: white;\n    text-shadow: 0 2px 4px rgba(0,0,0,0.6);\n    border-radius: 8px;\n    margin-bottom: 2rem;\n    position: relative;\n  }\n  .suite-terrea-se7ilhas__header::after {\n    content: '';\n    position: absolute;\n    top: 0;\n    left: 0;\n    right: 0;\n    bottom: 0;\n    background: rgba(0, 0, 0, 0.3);\n    border-radius: 8px;\n  }\n  .suite-terrea-se7ilhas__header h1 {\n    font-size: 2.5rem;\n    margin: 0;\n    position: relative;\n    z-index: 1;\n  }\n  .suite-terrea-se7ilhas__intro {\n    text-align: center;\n    margin-bottom: 2rem;\n    font-size: 1.1rem;\n  }\n  .suite-terrea-se7ilhas__features {\n    display: grid;\n    grid-template-columns: repeat(auto-fit,minmax(240px,1fr));\n    gap: 1.5rem;\n    margin-bottom: 3rem;\n  }\n  .suite-terrea-se7ilhas__feature-card {\n    background: #f8f8f8;\n    padding: 1rem;\n    border-radius: 12px;\n    text-align: center;\n    box-shadow: 0 2px 5px rgba(0,0,0,0.05);\n  }\n  .suite-terrea-se7ilhas__feature-card h3 {\n    margin-bottom: 0.5rem;\n    color: #0; \/* Verde escuro padr\u00e3o *\/\n  }\n  .suite-terrea-se7ilhas__gallery {\n    display: grid;\n    grid-template-columns: repeat(auto-fit,minmax(280px,1fr));\n    gap: 1rem;\n    margin-bottom: 2rem;\n  }\n  .suite-terrea-se7ilhas__gallery img {\n    width: 100%;\n    border-radius: 8px;\n    transition: transform 0.3s ease;\n    height: 250px;\n    object-fit: cover;\n  }\n  .suite-terrea-se7ilhas__gallery img:hover {\n    transform: scale(1.02);\n  }\n  .suite-terrea-se7ilhas__cta {\n    text-align: center;\n    margin-top: 2rem;\n  }\n  .suite-terrea-se7ilhas__cta a {\n    background: #00726c; \/* Verde escuro padr\u00e3o *\/\n    color: white;\n    padding: 0.9rem 1.8rem;\n    border-radius: 30px;\n    font-size: 1.1rem;\n    text-decoration: none;\n    transition: background 0.3s ease;\n    display: inline-block;\n    margin: 0.5rem;\n  }\n  .suite-terrea-se7ilhas__cta a:hover {\n    background: #004b47; \/* Tom mais escuro do verde padr\u00e3o *\/\n  }\n  .suite-terrea-se7ilhas__cta a.btn-secondary {\n    background: white;\n    color: #0; \/* Verde escuro padr\u00e3o *\/\n    border: 2px solid #00726c; \/* Borda verde escuro *\/\n  }\n  .suite-terrea-se7ilhas__cta a.btn-secondary:hover {\n    background: #00726c; \/* Verde escuro padr\u00e3o *\/\n    color: white;\n  }\n\n  \/* Responsividade *\/\n  @media (max-width: 782px) {\n    .suite-terrea-se7ilhas__features {\n      grid-template-columns: repeat(auto-fit, minmax(200px, 1fr));\n    }\n  }\n  \n  @media (max-width: 480px) {\n    .suite-terrea-se7ilhas__features,\n    .suite-terrea-se7ilhas__gallery {\n      grid-template-columns: 1fr;\n    }\n    \n    .suite-terrea-se7ilhas__header h1 {\n      font-size: 2rem;\n    }\n    \n    .suite-terrea-se7ilhas__cta a {\n      display: block;\n      margin: 0.5rem auto;\n      max-width: 250px;\n    }\n  }\n<\/style><\/p>\n<div class=\"suite-terrea-se7ilhas\">\n<div class=\"suite-terrea-se7ilhas__header\">\u00a0<\/div>\n<div class=\"suite-terrea-se7ilhas__intro\">\n<h1>Su\u00edte Superior Hotel Sete Ilhas<\/h1>\n<p>Nossas su\u00edtes superiores oferecem a combina\u00e7\u00e3o perfeita entre sofistica\u00e7\u00e3o, conforto e uma vista deslumbrante para o mar. Com 32m\u00b2, Elas acomodam at\u00e9 04 pessoas, sendo 02 adultos no quarto, e na sala, em um sof\u00e1 cama, acomoda 01 adulto e 01 crian\u00e7a de at\u00e9 11 anos ou 2 crian\u00e7as. Elas est\u00e3o localizadas nas Ilhas 01, 02, 04 e 06.<\/p>\n<\/div>\n<div class=\"suite-terrea-se7ilhas__features\">\n<div class=\"suite-terrea-se7ilhas__feature-card\">\n<h3>Vista para o Mar<\/h3>\n<p>Aproveite a paz e a tranquilidade que somente uma vista privilegiada pode oferecer.<\/p>\n<\/div>\n<div class=\"suite-terrea-se7ilhas__feature-card\">\n<h3>Camas Box<\/h3>\n<p>Tenha uma noite de sono tranquila;Possuem 1,58m de largura x 1,98 de comprimento.<\/p>\n<\/div>\n<div class=\"suite-terrea-se7ilhas__feature-card\">\n<h3>TV SMART<\/h3>\n<p>Entretenimento com acesso a conte\u00fados digitais.<\/p>\n<\/div>\n<div class=\"suite-terrea-se7ilhas__feature-card\">\n<h3>Telefone<\/h3>\n<p>Conex\u00e3o direta com a recep\u00e7\u00e3o e demais servi\u00e7os.<\/p>\n<\/div>\n<div class=\"suite-terrea-se7ilhas__feature-card\">\n<h3>Comodidades<\/h3>\n<p>Ar-condicionado, chaleira el\u00e9trica, secador de cabelo e frigobar.<\/p>\n<\/div>\n<div class=\"suite-terrea-se7ilhas__feature-card\">\n<h3>Aramario<\/h3>\n<p>Espa\u00e7o amplo para organizar seus pertences.<\/p>\n<\/div>\n<div class=\"suite-terrea-se7ilhas__feature-card\">\n<h3>Mesa de Apoio<\/h3>\n<p>Ideal para uso com computador ou pequenas tarefas.<\/p>\n<\/div>\n<div class=\"suite-terrea-se7ilhas__feature-card\">\n<h3>Amenities<\/h3>\n<p>Shampoo, condicionador, sabonete e toca de banho.<\/p>\n<\/div>\n<div class=\"suite-terrea-se7ilhas__feature-card\">\n<h3>Itens de Frigobar<\/h3>\n<p>\u00c1gua, batatas, biscoitos, mix nuts, sach\u00eas de caf\u00e9 e ch\u00e1 (Cobrados \u00e0 parte).<\/p>\n<\/div>\n<div class=\"suite-terrea-se7ilhas__feature-card\">\n<h3>220v<\/h3>\n<p>Toda a rede el\u00e9trica do Hotel \u00e9 220v.<\/p>\n<\/div>\n<div class=\"suite-terrea-se7ilhas__feature-card\">\n<h3>Cofre de Seguran\u00e7a<\/h3>\n<p>Guarde seus itens de valor com tranquilidade.<\/p>\n<\/div>\n<div class=\"suite-terrea-se7ilhas__feature-card\">\n<h3>Divers\u00e3o<\/h3>\n<p>Divers\u00e3o TV a cabo dispon\u00edvel.<\/p>\n<\/div>\n<\/div>\n<div class=\"suite-terrea-se7ilhas__gallery\"><img decoding=\"async\" src=\"https:\/\/seteilhas.com.br\/site\/wp-content\/uploads\/2025\/08\/1-scaled.jpg\" \/> <img decoding=\"async\" src=\"https:\/\/seteilhas.com.br\/site\/wp-content\/uploads\/2025\/08\/2-scaled.jpeg\" \/> <img decoding=\"async\" src=\"https:\/\/seteilhas.com.br\/site\/wp-content\/uploads\/2025\/08\/3-1.jpg\" \/> <img decoding=\"async\" src=\"https:\/\/seteilhas.com.br\/site\/wp-content\/uploads\/2025\/08\/9-scaled.jpeg\" \/> <img decoding=\"async\" src=\"https:\/\/seteilhas.com.br\/site\/wp-content\/uploads\/2025\/08\/4-2-scaled.jpg\" \/> <img decoding=\"async\" src=\"https:\/\/seteilhas.com.br\/site\/wp-content\/uploads\/2025\/08\/5-1-scaled.jpg\" \/> <img decoding=\"async\" src=\"https:\/\/seteilhas.com.br\/site\/wp-content\/uploads\/2025\/08\/6-1-scaled.jpg\" \/> <img decoding=\"async\" src=\"https:\/\/seteilhas.com.br\/site\/wp-content\/uploads\/2025\/08\/7-scaled.jpg\" \/> <img decoding=\"async\" src=\"https:\/\/seteilhas.com.br\/site\/wp-content\/uploads\/2025\/08\/8-scaled.jpg\" \/><\/div>\n<div class=\"wp-block-buttons aligncenter\">\n<div class=\"wp-block-button\"><a class=\"wp-block-button__link has-background\" style=\"background-color: #00726c; border-radius: 30px;\" href=\"https:\/\/seteilhas.com.br\/site\/reservas\/\">RESERVAR AGORA<\/a><\/div>\n\u00a0\u00a0\u00a0\u00a0\u00a0\u00a0\u00a0\u00a0\u00a0\n<div class=\"wp-block-button\"><a class=\"wp-block-button__link has-background\" style=\"background-color: #00726c; border-radius: 30px;\" href=\"https:\/\/wa.me\/554833646347?text=Gostaria%20de%20mais%20informa%C3%A7%C3%B5es%20e%20falar%20com%20uma%20atendente!\" target=\"_blank\" rel=\"noopener\">FALAR COM ATENDENTE<\/a><\/div>\n<\/div>\n<\/div>\n\n<p>\u00a0<\/p>\n\t\t\t\t\t\t\t\t<\/div>\n\t\t\t\t<\/div>\n\t\t\t\t\t<\/div>\n\t\t\t\t<\/div>\n\t\t\t\t<\/div>\n\t\t","protected":false},"excerpt":{"rendered":"<p>\u00a0 Su\u00edte Superior Hotel Sete Ilhas Nossas su\u00edtes superiores oferecem a combina\u00e7\u00e3o perfeita entre sofistica\u00e7\u00e3o, conforto e uma vista deslumbrante para o mar. Com 32m\u00b2, Elas acomodam at\u00e9 04 pessoas, sendo 02 adultos no quarto, e na sala, em um sof\u00e1 cama, acomoda 01 adulto e 01 crian\u00e7a de at\u00e9 11 anos ou 2 crian\u00e7as. [&hellip;]<\/p>\n","protected":false},"author":1,"featured_media":0,"parent":0,"menu_order":0,"comment_status":"closed","ping_status":"closed","template":"templates\/template-page-full-width.php","meta":{"footnotes":""},"class_list":["post-290","page","type-page","status-publish","hentry"],"_links":{"self":[{"href":"https:\/\/seteilhas.com.br\/site\/wp-json\/wp\/v2\/pages\/290","targetHints":{"allow":["GET"]}}],"collection":[{"href":"https:\/\/seteilhas.com.br\/site\/wp-json\/wp\/v2\/pages"}],"about":[{"href":"https:\/\/seteilhas.com.br\/site\/wp-json\/wp\/v2\/types\/page"}],"author":[{"embeddable":true,"href":"https:\/\/seteilhas.com.br\/site\/wp-json\/wp\/v2\/users\/1"}],"replies":[{"embeddable":true,"href":"https:\/\/seteilhas.com.br\/site\/wp-json\/wp\/v2\/comments?post=290"}],"version-history":[{"count":150,"href":"https:\/\/seteilhas.com.br\/site\/wp-json\/wp\/v2\/pages\/290\/revisions"}],"predecessor-version":[{"id":2428,"href":"https:\/\/seteilhas.com.br\/site\/wp-json\/wp\/v2\/pages\/290\/revisions\/2428"}],"wp:attachment":[{"href":"https:\/\/seteilhas.com.br\/site\/wp-json\/wp\/v2\/media?parent=290"}],"curies":[{"name":"wp","href":"https:\/\/api.w.org\/{rel}","templated":true}]}}