{"id":521,"date":"2025-05-23T06:01:19","date_gmt":"2025-05-23T06:01:19","guid":{"rendered":"https:\/\/seteilhas.com.br\/site\/?page_id=521"},"modified":"2025-08-26T18:59:46","modified_gmt":"2025-08-26T18:59:46","slug":"localizacao","status":"publish","type":"page","link":"https:\/\/seteilhas.com.br\/site\/localizacao\/","title":{"rendered":"Localiza\u00e7\u00e3o"},"content":{"rendered":"\n<style>\n  .studio-se7ilhas__header {\n    background: url('https:\/\/seteilhas.com.br\/site\/wp-content\/uploads\/2025\/08\/1-1-2-scaled.webp') no-repeat center center\/cover;\n    height: 470px;\n    display: flex;\n    align-items: center;\n    justify-content: center;\n    color: white;\n    text-align: center;\n    text-shadow: 0 2px 4px rgba(0,0,0,0.6);\n    border-radius: 8px;\n    margin-bottom: 2rem;\n    padding: 0 1rem;\n  }\n<\/style>\n\n<div class=\"studio-se7ilhas__header\">\n  <!-- Header content -->\n<\/div>\n\n<div class=\"wp-block-group alignwide\" style=\"max-width:1000px;margin-left:auto;margin-right:auto;padding:2rem 1rem;text-align:center\">\n  <h1 class=\"has-text-align-center\">Como Chegar ao Hotel Sete Ilhas<\/h1>\n  \n  <p class=\"has-text-align-center\" style=\"max-width:700px;margin-left:auto;margin-right:auto;margin-bottom:2rem\">\n    O Hotel Sete Ilhas est\u00e1 localizado em Jurer\u00ea, uma das praias mais encantadoras de Florian\u00f3polis. Veja como nos encontrar e entre em contato conosco!\n  <\/p>\n\n      <div class=\"wp-block-column is-layout-flow wp-block-column-is-layout-flow\" style=\"flex:1 1 300px\">\n      <h2 class=\"has-text-color\">Nossa Localiza\u00e7\u00e3o<\/h2>\n<br> <\/br>\n      <div style=\"border-radius:8px;overflow:hidden;box-shadow:0 4px 10px rgba(0,0,0,0.1)\">\n        <iframe\n          src=\"https:\/\/www.google.com\/maps\/embed?pb=!1m19!1m8!1m3!1d1770.4912101230545!2d-48.4854626!3d-27.4386586!3m2!1i1024!2i768!4f13.1!4m8!3e6!4m0!4m5!1s0x9527447ba5bb28e7%3A0xce379d20d727e07e!2sHotel%20Sete%20Ilhas%20R.%20Jornalista%20Haroldo%20Callado%2C%20105%20-%20Jurer%C3%AA%20Florian%C3%B3polis%20-%20SC%2088053-600!3m2!1d-27.4386586!2d-48.4854626!5e0!3m2!1spt-BR!2sbr!4v1747979777574!5m2!1spt-BR!2sbr\"\n          width=\"100%\"\n          height=\"400\"\n          style=\"border:0;\"\n          allowfullscreen=\"\"\n          loading=\"lazy\"\n          referrerpolicy=\"no-referrer-when-downgrade\">\n        <\/iframe>\n      <\/div>\n    <\/div>\n  <\/div>\n<\/div>\n\n\n\n<p><\/p>\n","protected":false},"excerpt":{"rendered":"<p>Como Chegar ao Hotel Sete Ilhas O Hotel Sete Ilhas est\u00e1 localizado em Jurer\u00ea, uma das praias mais encantadoras de Florian\u00f3polis. Veja como nos encontrar e entre em contato conosco! Nossa Localiza\u00e7\u00e3o<\/p>\n","protected":false},"author":1,"featured_media":0,"parent":0,"menu_order":0,"comment_status":"closed","ping_status":"closed","template":"templates\/template-page-full-width.php","meta":{"footnotes":""},"class_list":["post-521","page","type-page","status-publish","hentry"],"_links":{"self":[{"href":"https:\/\/seteilhas.com.br\/site\/wp-json\/wp\/v2\/pages\/521","targetHints":{"allow":["GET"]}}],"collection":[{"href":"https:\/\/seteilhas.com.br\/site\/wp-json\/wp\/v2\/pages"}],"about":[{"href":"https:\/\/seteilhas.com.br\/site\/wp-json\/wp\/v2\/types\/page"}],"author":[{"embeddable":true,"href":"https:\/\/seteilhas.com.br\/site\/wp-json\/wp\/v2\/users\/1"}],"replies":[{"embeddable":true,"href":"https:\/\/seteilhas.com.br\/site\/wp-json\/wp\/v2\/comments?post=521"}],"version-history":[{"count":19,"href":"https:\/\/seteilhas.com.br\/site\/wp-json\/wp\/v2\/pages\/521\/revisions"}],"predecessor-version":[{"id":2265,"href":"https:\/\/seteilhas.com.br\/site\/wp-json\/wp\/v2\/pages\/521\/revisions\/2265"}],"wp:attachment":[{"href":"https:\/\/seteilhas.com.br\/site\/wp-json\/wp\/v2\/media?parent=521"}],"curies":[{"name":"wp","href":"https:\/\/api.w.org\/{rel}","templated":true}]}}