{"id":713,"date":"2025-05-29T11:38:07","date_gmt":"2025-05-29T11:38:07","guid":{"rendered":"https:\/\/seteilhas.com.br\/site\/?page_id=713"},"modified":"2026-01-16T17:00:40","modified_gmt":"2026-01-16T17:00:40","slug":"pacotes","status":"publish","type":"page","link":"https:\/\/seteilhas.com.br\/site\/pacotes\/","title":{"rendered":"Pacotes"},"content":{"rendered":"\t\t<div data-elementor-type=\"wp-page\" data-elementor-id=\"713\" class=\"elementor elementor-713\">\n\t\t\t\t<div class=\"elementor-element elementor-element-5d1e8fdd e-flex e-con-boxed e-con e-parent\" data-id=\"5d1e8fdd\" data-element_type=\"container\" data-e-type=\"container\">\n\t\t\t\t\t<div class=\"e-con-inner\">\n\t\t\t\t<div class=\"elementor-element elementor-element-749df11f elementor-widget elementor-widget-text-editor\" data-id=\"749df11f\" data-element_type=\"widget\" data-e-type=\"widget\" data-widget_type=\"text-editor.default\">\n\t\t\t\t<div class=\"elementor-widget-container\">\n\t\t\t\t\t\t\t\t\t\n<div class=\"wp-block-group alignfull has-background\" style=\"background-color: #f8f8f8; padding-top: 60px; padding-bottom: 60px;\">\n<div class=\"wp-block-group alignwide\" style=\"max-width: 1200px; margin-left: auto; margin-right: auto;\">\n<div class=\"wp-block-group has-text-align-center\" style=\"margin-bottom: 60px;\">\n<h1 class=\"has-text-color\">Pacotes Especiais<\/h1>\n<p class=\"has-text-color\" style=\"max-width: 800px; margin-left: auto; margin-right: auto;\">Viva experi\u00eancias \u00fanicas no Hotel Sete Ilhas com nossos pacotes especiais cuidadosamente preparados para tornar sua estadia inesquec\u00edvel<\/p>\n<\/div>\n<div class=\"packages-grid\" style=\"display: grid; grid-template-columns: repeat(auto-fit, minmax(350px, 1fr)); gap: 30px; margin-bottom: 60px;\"><!-- Pacote Rom\u00e2ntico -->\n<div class=\"wp-block-group has-background\" style=\"background-color: #ffffff; border-radius: 12px; overflow: hidden; box-shadow: 0 4px 6px rgba(0,0,0,0.1); transition: all 0.3s ease; height: 100%;\"><img decoding=\"async\" style=\"width: 100%; height: 250px; object-fit: cover;\" src=\"https:\/\/seteilhas.com.br\/site\/wp-content\/uploads\/2025\/09\/Imagem-do-WhatsApp-de-2025-09-03-as-12.02.15_fa8cf163.jpg\" alt=\"Pacote Rom\u00e2ntico\" \/>\n<div class=\"wp-block-group\" style=\"padding: 30px;\">\n<h2 class=\"has-text-color\" style=\"margin-top: 0; margin-bottom: 20px;\">Pacote Rom\u00e2ntico<\/h2>\n<p style=\"margin-bottom: 30px;\">Amor \u00e0 Beira-mar.<\/p>\n<p><br \/><strong>Op\u00e7\u00e3o 01:<\/strong> Inclusa decora\u00e7\u00e3o rom\u00e2ntica, espumante e frutas. <br \/><strong>Op\u00e7\u00e3o 02:<\/strong> Inclusa decora\u00e7\u00e3o rom\u00e2ntica, espumante e frutas e jantar em nosso restaurante, clima intimista e vista para o mar.<\/p>\n<div class=\"wp-block-buttons\">\n<div class=\"wp-block-button\"><a class=\"wp-block-button__link has-background\" style=\"background-color: #00726c; border-radius: 30px;\" href=\"https:\/\/api.whatsapp.com\/send\/?phone=554833646347&amp;text=Gostaria+de+mais+informa%C3%A7%C3%B5es+e+falar+com+uma+atendente%21&amp;type=phone_number&amp;app_absent=0\" target=\"_blank\" rel=\"noopener\">Falar com atendente<\/a><\/div>\n<\/div>\n<\/div>\n<\/div>\n<!-- Pacote Natal -->\n<div class=\"wp-block-group has-background\" style=\"background-color: #ffffff; border-radius: 12px; overflow: hidden; box-shadow: 0 4px 6px rgba(0,0,0,0.1); transition: all 0.3s ease; height: 100%;\"><img decoding=\"async\" style=\"width: 100%; height: 250px; object-fit: cover;\" src=\"https:\/\/seteilhas.com.br\/site\/wp-content\/uploads\/2025\/09\/Imagem-do-WhatsApp-de-2025-09-03-as-12.02.16_8ec27315.jpg\" alt=\"Pacote Natal\" \/>\n<div class=\"wp-block-group\" style=\"padding: 30px;\">\n<h2 class=\"has-text-color\" style=\"margin-top: 0; margin-bottom: 20px;\">Pacote Natal<\/h2>\n<p style=\"margin-bottom: 30px;\">Um Natal para recordar.<\/p>\n<p><strong>Incluso:<\/strong> Caf\u00e9 da manh\u00e3, coquetel de Natal (dia 24\/12 a partir das 16h), visita do Papai -Noel, entrega de presentes, servi\u00e7o de praia com cadeira e guarda-sol, atendimento na praia, servi\u00e7o de vallet, servi\u00e7o de limpeza, recrea\u00e7\u00e3o para crian\u00e7as, adolescentes e adultos;<\/p>\n<p>M\u00ednimo 04 di\u00e1rias.<\/p>\n<div class=\"wp-block-buttons\">\n<div class=\"wp-block-button\"><a class=\"wp-block-button__link has-background\" style=\"background-color: #00726c; border-radius: 30px;\" href=\"https:\/\/api.whatsapp.com\/send\/?phone=554833646347&amp;text=Gostaria+de+mais+informa%C3%A7%C3%B5es+e+falar+com+uma+atendente%21&amp;type=phone_number&amp;app_absent=0\" target=\"_blank\" rel=\"noopener\">Falar com atendente<\/a><\/div>\n<\/div>\n<\/div>\n<\/div>\n<!-- Pacote Reveillon -->\n<div class=\"wp-block-group has-background\" style=\"background-color: #ffffff; border-radius: 12px; overflow: hidden; box-shadow: 0 4px 6px rgba(0,0,0,0.1); transition: all 0.3s ease; height: 100%;\"><img decoding=\"async\" style=\"width: 100%; height: 250px; object-fit: cover;\" src=\"https:\/\/seteilhas.com.br\/site\/wp-content\/uploads\/2025\/09\/Imagem-do-WhatsApp-de-2025-09-03-as-12.02.16_2762ceb5.jpg\" alt=\"Pacote Reveillon\" \/>\n<div class=\"wp-block-group\" style=\"padding: 30px;\">\n<h2 class=\"has-text-color\" style=\"margin-top: 0; margin-bottom: 20px;\">Pacote Reveillon<\/h2>\n<p style=\"margin-bottom: 30px;\">R\u00e9veillon P\u00e9 na Areia.<\/p>\n<p><strong>Incluso:<\/strong> Caf\u00e9 da manh\u00e3, brunch especial de ano novo (dia 01\/01 a partir das 13h), servi\u00e7o de praia com atendimento, cadeiras e guarda-sol, servi\u00e7o de limpeza, servi\u00e7o de vallet, recrea\u00e7\u00e3o para crian\u00e7as, adolescentes e adultos;<\/p>\n<p>M\u00ednimo 05 di\u00e1rias.<\/p>\n<div class=\"wp-block-buttons\">\n<div class=\"wp-block-button\"><a class=\"wp-block-button__link has-background\" style=\"background-color: #00726c; border-radius: 30px;\" href=\"https:\/\/api.whatsapp.com\/send\/?phone=554833646347&amp;text=Gostaria+de+mais+informa%C3%A7%C3%B5es+e+falar+com+uma+atendente%21&amp;type=phone_number&amp;app_absent=0\" target=\"_blank\" rel=\"noopener\">Falar com atendente<\/a><\/div>\n<\/div>\n<\/div>\n<\/div>\n<!-- Pacote Carnaval -->\n<div class=\"wp-block-group has-background\" style=\"background-color: #ffffff; border-radius: 12px; overflow: hidden; box-shadow: 0 4px 6px rgba(0,0,0,0.1); transition: all 0.3s ease; height: 100%;\"><img decoding=\"async\" style=\"width: 100%; height: 250px; object-fit: cover;\" src=\"https:\/\/seteilhas.com.br\/site\/wp-content\/uploads\/2025\/08\/Carnaval.jpeg\" alt=\"Pacote Carnaval\" \/>\n<div class=\"wp-block-group\" style=\"padding: 30px;\">\n<h2 class=\"has-text-color\" style=\"margin-top: 0; margin-bottom: 20px;\">Pacote Carnaval<\/h2>\n<p style=\"margin-bottom: 30px;\">Carnaval em Jurer\u00ea<\/p>\n<p>Roda de samba, atividades recreativas, bailinho de carnaval.<\/p>\n<div class=\"wp-block-buttons\">\n<div class=\"wp-block-button\"><a class=\"wp-block-button__link has-background\" style=\"background-color: #00726c; border-radius: 30px;\" href=\"https:\/\/api.whatsapp.com\/send\/?phone=554833646347&amp;text=Gostaria+de+mais+informa%C3%A7%C3%B5es+e+falar+com+uma+atendente%21&amp;type=phone_number&amp;app_absent=0\" target=\"_blank\" rel=\"noopener\">Falar com atendente<\/a><\/div>\n<\/div>\n<\/div>\n<\/div>\n<!-- Pacote P\u00e1scoa -->\n<div class=\"wp-block-group has-background\" style=\"background-color: #ffffff; border-radius: 12px; overflow: hidden; box-shadow: 0 4px 6px rgba(0,0,0,0.1); transition: all 0.3s ease; height: 100%;\"><img decoding=\"async\" style=\"width: 100%; height: 250px; object-fit: cover;\" src=\"https:\/\/seteilhas.com.br\/site\/wp-content\/uploads\/2025\/08\/Pascoa-scaled.jpg\" alt=\"Pacote P\u00e1scoa\" \/>\n<div class=\"wp-block-group\" style=\"padding: 30px;\">\n<h2 class=\"has-text-color\" style=\"margin-top: 0; margin-bottom: 20px;\">Pacote P\u00e1scoa<\/h2>\n<p style=\"margin-bottom: 30px;\">P\u00e1scoa encantada.<\/p>\n<p><strong>Incluso:<\/strong> Visita do coelhinho da P\u00e1scoa, atividades recreativas como ca\u00e7a aos ovos, oficina de chocolate.<\/p>\n<div class=\"wp-block-buttons\">\n<div class=\"wp-block-button\"><a class=\"wp-block-button__link has-background\" style=\"background-color: #00726c; border-radius: 30px;\" href=\"https:\/\/api.whatsapp.com\/send\/?phone=554833646347&amp;text=Gostaria+de+mais+informa%C3%A7%C3%B5es+e+falar+com+uma+atendente%21&amp;type=phone_number&amp;app_absent=0\" target=\"_blank\" rel=\"noopener\">Falar com atendente<\/a><\/div>\n<\/div>\n<\/div>\n<\/div>\n<!-- Pacote de F\u00e9rias -->\n<div class=\"wp-block-group has-background\" style=\"background-color: #ffffff; border-radius: 12px; overflow: hidden; box-shadow: 0 4px 6px rgba(0,0,0,0.1); transition: all 0.3s ease; height: 100%;\"><img decoding=\"async\" style=\"width: 100%; height: 250px; object-fit: cover;\" src=\"https:\/\/seteilhas.com.br\/site\/wp-content\/uploads\/2025\/07\/Suite-Superior02-1.jpg\" \/>\n<div class=\"wp-block-group\" style=\"padding: 30px;\">\n<h2 class=\"has-text-color\" style=\"margin-top: 0; margin-bottom: 20px;\">Pacote de F\u00e9rias<\/h2>\n<p style=\"margin-bottom: 30px;\">F\u00e9rias no Sete Ilhas.<\/p>\n<p>F\u00e9rias perfeitas em fam\u00edlia ou a dois no Hotel Sete Ilhas, de frente para o mar em Jurer\u00ea.<\/p>\n<div class=\"wp-block-buttons\">\n<div class=\"wp-block-button\"><a class=\"wp-block-button__link has-background\" style=\"background-color: #00726c; border-radius: 30px;\" href=\"https:\/\/api.whatsapp.com\/send\/?phone=554833646347&amp;text=Gostaria+de+mais+informa%C3%A7%C3%B5es+e+falar+com+uma+atendente%21&amp;type=phone_number&amp;app_absent=0\" target=\"_blank\" rel=\"noopener\">Falar com atendente<\/a><\/div>\n<\/div>\n<\/div>\n<\/div>\n<\/div>\n<\/div>\n<\/div>\n<p><style>\n  \/* Apenas estilos espec\u00edficos necess\u00e1rios *\/\n  .packages-grid {\n    display: grid;\n    grid-template-columns: repeat(auto-fit, minmax(350px, 1fr));\n    gap: 30px;\n    margin-bottom: 60px;\n  }\n  \n  .wp-block-group.has-background {\n    transition: all 0.3s ease;\n    height: 100%;\n  }\n  \n  .wp-block-group.has-background:hover {\n    transform: translateY(-5px);\n    box-shadow: 0 8px 15px rgba(0,0,0,0.1);\n  }\n  \n  .packages-grid img {\n  width: 100%;\n  height: 250px;\n  object-fit: cover;\n}\n\n  }\n  \n  .wp-block-button__link:hover {\n    background-color: #004b47 !important;\n  }\n  \n  \/* Responsividade *\/\n  @media (max-width: 600px) {\n    .packages-grid {\n      grid-template-columns: 1fr;\n    }\n    \n    img {\n      height: 200px;\n    }\n  }\n<\/style><\/p>\n\n<p>\u00a0<\/p>\n\t\t\t\t\t\t\t\t<\/div>\n\t\t\t\t<\/div>\n\t\t\t\t\t<\/div>\n\t\t\t\t<\/div>\n\t\t\t\t<\/div>\n\t\t","protected":false},"excerpt":{"rendered":"<p>Pacotes Especiais Viva experi\u00eancias \u00fanicas no Hotel Sete Ilhas com nossos pacotes especiais cuidadosamente preparados para tornar sua estadia inesquec\u00edvel Pacote Rom\u00e2ntico Amor \u00e0 Beira-mar. Op\u00e7\u00e3o 01: Inclusa decora\u00e7\u00e3o rom\u00e2ntica, espumante e frutas. Op\u00e7\u00e3o 02: Inclusa decora\u00e7\u00e3o rom\u00e2ntica, espumante e frutas e jantar em nosso restaurante, clima intimista e vista para o mar. Falar com [&hellip;]<\/p>\n","protected":false},"author":1,"featured_media":0,"parent":0,"menu_order":0,"comment_status":"closed","ping_status":"closed","template":"templates\/template-page-full-width.php","meta":{"footnotes":""},"class_list":["post-713","page","type-page","status-publish","hentry"],"_links":{"self":[{"href":"https:\/\/seteilhas.com.br\/site\/wp-json\/wp\/v2\/pages\/713","targetHints":{"allow":["GET"]}}],"collection":[{"href":"https:\/\/seteilhas.com.br\/site\/wp-json\/wp\/v2\/pages"}],"about":[{"href":"https:\/\/seteilhas.com.br\/site\/wp-json\/wp\/v2\/types\/page"}],"author":[{"embeddable":true,"href":"https:\/\/seteilhas.com.br\/site\/wp-json\/wp\/v2\/users\/1"}],"replies":[{"embeddable":true,"href":"https:\/\/seteilhas.com.br\/site\/wp-json\/wp\/v2\/comments?post=713"}],"version-history":[{"count":91,"href":"https:\/\/seteilhas.com.br\/site\/wp-json\/wp\/v2\/pages\/713\/revisions"}],"predecessor-version":[{"id":2445,"href":"https:\/\/seteilhas.com.br\/site\/wp-json\/wp\/v2\/pages\/713\/revisions\/2445"}],"wp:attachment":[{"href":"https:\/\/seteilhas.com.br\/site\/wp-json\/wp\/v2\/media?parent=713"}],"curies":[{"name":"wp","href":"https:\/\/api.w.org\/{rel}","templated":true}]}}